{"id":1584,"date":"2021-10-04T04:28:29","date_gmt":"2021-10-04T04:28:29","guid":{"rendered":"https:\/\/demo.casethemes.net\/itfirm\/?post_type=product&amp;p=1584"},"modified":"2024-12-19T10:47:38","modified_gmt":"2024-12-19T09:47:38","slug":"the-mind-of-the-leader","status":"publish","type":"product","link":"https:\/\/sime-informatique.com\/index.php\/produit\/the-mind-of-the-leader\/","title":{"rendered":"The Mind Of The Leader"},"content":{"rendered":"<p>Duis aute irure dolor in reprehenderit in voluptate velit esse cillum dolore eu fugiat nulla pariatur. Excepteur sint occaecat cupidatat non proident, sunt in culpa qui officia deserunt mollit anim id est laborum. Sed ut perspiciatis unde omnis iste natus error sit voluptatem accusantium doloremque laudantium, totam rem aperiam, eaque ipsa quae ab illo inventore veritatis et quasi architecto beatae vitae dicta sunt explicabo. Nemo enim ipsam voluptatem quia voluptas sit aspernatur aut odit aut fugit, sed quia consequuntur magni dolores eos qui ratione voluptatem.<\/p>\n","protected":false},"excerpt":{"rendered":"<p>A collection of textile samples lay spread out on the table &#8211; Samsa was travelling salesman &#8211; and above it there hung a picture that he had recently cut out of an illustrated magazine and housed in a nice, gilded frame. It showed a lady fitted out with a fur hat and fur boa who sat upright, raising a heavy.<\/p>\n","protected":false},"featured_media":4186,"comment_status":"open","ping_status":"closed","template":"","meta":[],"product_brand":[],"product_cat":[13,37],"product_tag":[14,17,40],"class_list":{"0":"post-1584","1":"product","2":"type-product","3":"status-publish","4":"has-post-thumbnail","6":"product_cat-business","7":"product_cat-solutions","8":"product_tag-careers","9":"product_tag-design","10":"product_tag-ux","12":"first","13":"instock","14":"sale","15":"shipping-taxable","16":"purchasable","17":"product-type-simple"},"yoast_head":"<!-- This site is optimized with the Yoast SEO plugin v27.4 - https:\/\/yoast.com\/product\/yoast-seo-wordpress\/ -->\n<title>The Mind Of The Leader - SIME Informatique<\/title>\n<meta name=\"robots\" content=\"index, follow, max-snippet:-1, max-image-preview:large, max-video-preview:-1\" \/>\n<link rel=\"canonical\" href=\"https:\/\/sime-informatique.com\/index.php\/produit\/the-mind-of-the-leader\/\" \/>\n<meta property=\"og:locale\" content=\"en_US\" \/>\n<meta property=\"og:type\" content=\"article\" \/>\n<meta property=\"og:title\" content=\"The Mind Of The Leader - SIME Informatique\" \/>\n<meta property=\"og:description\" content=\"A collection of textile samples lay spread out on the table - Samsa was travelling salesman - and above it there hung a picture that he had recently cut out of an illustrated magazine and housed in a nice, gilded frame. It showed a lady fitted out with a fur hat and fur boa who sat upright, raising a heavy.\" \/>\n<meta property=\"og:url\" content=\"https:\/\/sime-informatique.com\/index.php\/produit\/the-mind-of-the-leader\/\" \/>\n<meta property=\"og:site_name\" content=\"SIME Informatique\" \/>\n<meta property=\"article:modified_time\" content=\"2024-12-19T09:47:38+00:00\" \/>\n<meta name=\"twitter:card\" content=\"summary_large_image\" \/>\n<script type=\"application\/ld+json\" class=\"yoast-schema-graph\">{\"@context\":\"https:\\\/\\\/schema.org\",\"@graph\":[{\"@type\":\"WebPage\",\"@id\":\"https:\\\/\\\/sime-informatique.com\\\/index.php\\\/produit\\\/the-mind-of-the-leader\\\/\",\"url\":\"https:\\\/\\\/sime-informatique.com\\\/index.php\\\/produit\\\/the-mind-of-the-leader\\\/\",\"name\":\"The Mind Of The Leader - SIME Informatique\",\"isPartOf\":{\"@id\":\"https:\\\/\\\/sime-informatique.com\\\/#website\"},\"primaryImageOfPage\":{\"@id\":\"https:\\\/\\\/sime-informatique.com\\\/index.php\\\/produit\\\/the-mind-of-the-leader\\\/#primaryimage\"},\"image\":{\"@id\":\"https:\\\/\\\/sime-informatique.com\\\/index.php\\\/produit\\\/the-mind-of-the-leader\\\/#primaryimage\"},\"thumbnailUrl\":\"\",\"datePublished\":\"2021-10-04T04:28:29+00:00\",\"dateModified\":\"2024-12-19T09:47:38+00:00\",\"breadcrumb\":{\"@id\":\"https:\\\/\\\/sime-informatique.com\\\/index.php\\\/produit\\\/the-mind-of-the-leader\\\/#breadcrumb\"},\"inLanguage\":\"en-US\",\"potentialAction\":[{\"@type\":\"ReadAction\",\"target\":[\"https:\\\/\\\/sime-informatique.com\\\/index.php\\\/produit\\\/the-mind-of-the-leader\\\/\"]}]},{\"@type\":\"ImageObject\",\"inLanguage\":\"en-US\",\"@id\":\"https:\\\/\\\/sime-informatique.com\\\/index.php\\\/produit\\\/the-mind-of-the-leader\\\/#primaryimage\",\"url\":\"\",\"contentUrl\":\"\"},{\"@type\":\"BreadcrumbList\",\"@id\":\"https:\\\/\\\/sime-informatique.com\\\/index.php\\\/produit\\\/the-mind-of-the-leader\\\/#breadcrumb\",\"itemListElement\":[{\"@type\":\"ListItem\",\"position\":1,\"name\":\"Accueil\",\"item\":\"https:\\\/\\\/sime-informatique.com\\\/\"},{\"@type\":\"ListItem\",\"position\":2,\"name\":\"Main Header 1\",\"item\":\"https:\\\/\\\/sime-informatique.com\\\/index.php\\\/header\\\/main-header-1\\\/\"},{\"@type\":\"ListItem\",\"position\":3,\"name\":\"The Mind Of The Leader\"}]},{\"@type\":\"WebSite\",\"@id\":\"https:\\\/\\\/sime-informatique.com\\\/#website\",\"url\":\"https:\\\/\\\/sime-informatique.com\\\/\",\"name\":\"SIME Informatique\",\"description\":\"Soci\u00e9t\u00e9 D&#039;Informatique de Micro-\u00e9lectronique et d&#039;Electricit\u00e9  \",\"potentialAction\":[{\"@type\":\"SearchAction\",\"target\":{\"@type\":\"EntryPoint\",\"urlTemplate\":\"https:\\\/\\\/sime-informatique.com\\\/?s={search_term_string}\"},\"query-input\":{\"@type\":\"PropertyValueSpecification\",\"valueRequired\":true,\"valueName\":\"search_term_string\"}}],\"inLanguage\":\"en-US\"}]}<\/script>\n<!-- \/ Yoast SEO plugin. -->","yoast_head_json":{"title":"The Mind Of The Leader - SIME Informatique","robots":{"index":"index","follow":"follow","max-snippet":"max-snippet:-1","max-image-preview":"max-image-preview:large","max-video-preview":"max-video-preview:-1"},"canonical":"https:\/\/sime-informatique.com\/index.php\/produit\/the-mind-of-the-leader\/","og_locale":"en_US","og_type":"article","og_title":"The Mind Of The Leader - SIME Informatique","og_description":"A collection of textile samples lay spread out on the table - Samsa was travelling salesman - and above it there hung a picture that he had recently cut out of an illustrated magazine and housed in a nice, gilded frame. It showed a lady fitted out with a fur hat and fur boa who sat upright, raising a heavy.","og_url":"https:\/\/sime-informatique.com\/index.php\/produit\/the-mind-of-the-leader\/","og_site_name":"SIME Informatique","article_modified_time":"2024-12-19T09:47:38+00:00","twitter_card":"summary_large_image","schema":{"@context":"https:\/\/schema.org","@graph":[{"@type":"WebPage","@id":"https:\/\/sime-informatique.com\/index.php\/produit\/the-mind-of-the-leader\/","url":"https:\/\/sime-informatique.com\/index.php\/produit\/the-mind-of-the-leader\/","name":"The Mind Of The Leader - SIME Informatique","isPartOf":{"@id":"https:\/\/sime-informatique.com\/#website"},"primaryImageOfPage":{"@id":"https:\/\/sime-informatique.com\/index.php\/produit\/the-mind-of-the-leader\/#primaryimage"},"image":{"@id":"https:\/\/sime-informatique.com\/index.php\/produit\/the-mind-of-the-leader\/#primaryimage"},"thumbnailUrl":"","datePublished":"2021-10-04T04:28:29+00:00","dateModified":"2024-12-19T09:47:38+00:00","breadcrumb":{"@id":"https:\/\/sime-informatique.com\/index.php\/produit\/the-mind-of-the-leader\/#breadcrumb"},"inLanguage":"en-US","potentialAction":[{"@type":"ReadAction","target":["https:\/\/sime-informatique.com\/index.php\/produit\/the-mind-of-the-leader\/"]}]},{"@type":"ImageObject","inLanguage":"en-US","@id":"https:\/\/sime-informatique.com\/index.php\/produit\/the-mind-of-the-leader\/#primaryimage","url":"","contentUrl":""},{"@type":"BreadcrumbList","@id":"https:\/\/sime-informatique.com\/index.php\/produit\/the-mind-of-the-leader\/#breadcrumb","itemListElement":[{"@type":"ListItem","position":1,"name":"Accueil","item":"https:\/\/sime-informatique.com\/"},{"@type":"ListItem","position":2,"name":"Main Header 1","item":"https:\/\/sime-informatique.com\/index.php\/header\/main-header-1\/"},{"@type":"ListItem","position":3,"name":"The Mind Of The Leader"}]},{"@type":"WebSite","@id":"https:\/\/sime-informatique.com\/#website","url":"https:\/\/sime-informatique.com\/","name":"SIME Informatique","description":"Soci\u00e9t\u00e9 D&#039;Informatique de Micro-\u00e9lectronique et d&#039;Electricit\u00e9  ","potentialAction":[{"@type":"SearchAction","target":{"@type":"EntryPoint","urlTemplate":"https:\/\/sime-informatique.com\/?s={search_term_string}"},"query-input":{"@type":"PropertyValueSpecification","valueRequired":true,"valueName":"search_term_string"}}],"inLanguage":"en-US"}]}},"_links":{"self":[{"href":"https:\/\/sime-informatique.com\/index.php\/wp-json\/wp\/v2\/product\/1584","targetHints":{"allow":["GET"]}}],"collection":[{"href":"https:\/\/sime-informatique.com\/index.php\/wp-json\/wp\/v2\/product"}],"about":[{"href":"https:\/\/sime-informatique.com\/index.php\/wp-json\/wp\/v2\/types\/product"}],"replies":[{"embeddable":true,"href":"https:\/\/sime-informatique.com\/index.php\/wp-json\/wp\/v2\/comments?post=1584"}],"wp:featuredmedia":[{"embeddable":true,"href":"https:\/\/sime-informatique.com\/index.php\/wp-json\/"}],"wp:attachment":[{"href":"https:\/\/sime-informatique.com\/index.php\/wp-json\/wp\/v2\/media?parent=1584"}],"wp:term":[{"taxonomy":"product_brand","embeddable":true,"href":"https:\/\/sime-informatique.com\/index.php\/wp-json\/wp\/v2\/product_brand?post=1584"},{"taxonomy":"product_cat","embeddable":true,"href":"https:\/\/sime-informatique.com\/index.php\/wp-json\/wp\/v2\/product_cat?post=1584"},{"taxonomy":"product_tag","embeddable":true,"href":"https:\/\/sime-informatique.com\/index.php\/wp-json\/wp\/v2\/product_tag?post=1584"}],"curies":[{"name":"wp","href":"https:\/\/api.w.org\/{rel}","templated":true}]}}