{"id":9572,"date":"2023-03-09T03:12:48","date_gmt":"2023-03-09T03:12:48","guid":{"rendered":"https:\/\/demo.casethemes.net\/itfirm\/?page_id=9572"},"modified":"2023-03-09T03:12:48","modified_gmt":"2023-03-09T03:12:48","slug":"register","status":"publish","type":"page","link":"https:\/\/sime-informatique.com\/index.php\/register\/","title":{"rendered":"Register"},"content":{"rendered":"\t\t<div data-elementor-type=\"wp-page\" data-elementor-id=\"9572\" class=\"elementor elementor-9572\">\n\t\t\t\t        <section class=\"elementor-section elementor-top-section elementor-element elementor-element-f3fe991 elementor-section-stretched elementor-section-boxed elementor-section-height-default elementor-section-height-default ct-header-fixed-none ct-column-none ct-row-scroll-none ct-row-gradient--none\" data-id=\"f3fe991\" data-element_type=\"section\" data-e-type=\"section\" data-settings=\"{&quot;stretch_section&quot;:&quot;section-stretched&quot;,&quot;background_background&quot;:&quot;classic&quot;}\">\n            \n                        <div class=\"elementor-container elementor-column-gap-extended \">\n                    <div class=\"elementor-column elementor-col-100 elementor-top-column elementor-element elementor-element-9ab9144 ct-column-none col-offset-none col-color-offset-none\" data-id=\"9ab9144\" data-element_type=\"column\" data-e-type=\"column\">\n        <div class=\"elementor-widget-wrap elementor-element-populated\">\n                    \n        \t\t<div class=\"elementor-element elementor-element-de33d37 elementor-widget elementor-widget-ct_user\" data-id=\"de33d37\" data-element_type=\"widget\" data-e-type=\"widget\" data-widget_type=\"ct_user.default\">\n\t\t\t\t<div class=\"elementor-widget-container\">\n\t\t\t\t\t<div class=\"ct-user \" data-wow-delay=\"ms\">\r\n    <div class=\"ct-user-inner\">\r\n        <div class=\"ct-user-holder\">\r\n            <div class=\"ct-user-meta\">\r\n                                    <h4 class=\"ct-user-title\">Create your account<\/h4>\r\n                                \n<div class=\"ct-user-form\">\n\t\t\n<div class=\"ct-user-form-body ct-user-form-register\">\n\t<div class=\"register-form\">\n\t\t<div class=\"fields-content\">\n\t\t\t<div class=\"field-group\">\n\t\t\t\t<input id=\"res_user\" type=\"text\" class=\"input\" placeholder=\"Username\" data-validate=\"Required Field\" data-user-length=\"Username too short. At least 4 characters is required.\" data-special-char=\"The value of text field can&#039;t contain any of the following characters: \\ \/ : * ? &quot; &lt; &gt; space\">\n\t\t\t\t<svg viewBox=\"-42 0 512 512.002\" xmlns=\"http:\/\/www.w3.org\/2000\/svg\"><path d=\"m210.351562 246.632812c33.882813 0 63.222657-12.152343 87.195313-36.128906 23.972656-23.972656 36.125-53.304687 36.125-87.191406 0-33.875-12.152344-63.210938-36.128906-87.191406-23.976563-23.96875-53.3125-36.121094-87.191407-36.121094-33.886718 0-63.21875 12.152344-87.191406 36.125s-36.128906 53.308594-36.128906 87.1875c0 33.886719 12.15625 63.222656 36.132812 87.195312 23.976563 23.96875 53.3125 36.125 87.1875 36.125zm0 0\"\/><path d=\"m426.128906 393.703125c-.691406-9.976563-2.089844-20.859375-4.148437-32.351563-2.078125-11.578124-4.753907-22.523437-7.957031-32.527343-3.308594-10.339844-7.808594-20.550781-13.371094-30.335938-5.773438-10.15625-12.554688-19-20.164063-26.277343-7.957031-7.613282-17.699219-13.734376-28.964843-18.199219-11.226563-4.441407-23.667969-6.691407-36.976563-6.691407-5.226563 0-10.28125 2.144532-20.042969 8.5-6.007812 3.917969-13.035156 8.449219-20.878906 13.460938-6.707031 4.273438-15.792969 8.277344-27.015625 11.902344-10.949219 3.542968-22.066406 5.339844-33.039063 5.339844-10.972656 0-22.085937-1.796876-33.046874-5.339844-11.210938-3.621094-20.296876-7.625-26.996094-11.898438-7.769532-4.964844-14.800782-9.496094-20.898438-13.46875-9.75-6.355468-14.808594-8.5-20.035156-8.5-13.3125 0-25.75 2.253906-36.972656 6.699219-11.257813 4.457031-21.003906 10.578125-28.96875 18.199219-7.605469 7.28125-14.390625 16.121094-20.15625 26.273437-5.558594 9.785157-10.058594 19.992188-13.371094 30.339844-3.199219 10.003906-5.875 20.945313-7.953125 32.523437-2.058594 11.476563-3.457031 22.363282-4.148437 32.363282-.679688 9.796875-1.023438 19.964844-1.023438 30.234375 0 26.726562 8.496094 48.363281 25.25 64.320312 16.546875 15.746094 38.441406 23.734375 65.066406 23.734375h246.53125c26.625 0 48.511719-7.984375 65.0625-23.734375 16.757813-15.945312 25.253906-37.585937 25.253906-64.324219-.003906-10.316406-.351562-20.492187-1.035156-30.242187zm0 0\"\/><\/svg>\n\t\t\t<\/div>\n\t\t\t<div class=\"field-group\">\n\t\t\t\t<input id=\"res_email\" type=\"text\" class=\"input\" placeholder=\"Email Address\" data-validate=\"Required Field\"  data-email-format=\"The Email address is incorrect!\">\n\t\t\t\t<svg enable-background=\"new 0 0 512 512\" height=\"512\" viewBox=\"0 0 512 512\" width=\"512\" xmlns=\"http:\/\/www.w3.org\/2000\/svg\"><path d=\"m298.789 313.693c-12.738 8.492-27.534 12.981-42.789 12.981-15.254 0-30.05-4.489-42.788-12.981l-209.803-139.873c-1.164-.776-2.298-1.585-3.409-2.417v229.197c0 26.278 21.325 47.133 47.133 47.133h417.733c26.278 0 47.133-21.325 47.133-47.133v-229.198c-1.113.834-2.249 1.645-3.416 2.422z\"\/><path d=\"m20.05 148.858 209.803 139.874c7.942 5.295 17.044 7.942 26.146 7.942 9.103 0 18.206-2.648 26.148-7.942l209.803-139.874c12.555-8.365 20.05-22.365 20.05-37.475 0-25.981-21.137-47.117-47.117-47.117h-417.766c-25.98.001-47.117 21.137-47.117 47.142 0 15.085 7.496 29.085 20.05 37.45z\"\/><\/svg>\n\t\t\t<\/div>\n\t\t\t<div class=\"field-group\">\n\t\t\t\t<input id=\"res_pass1\" type=\"password\" class=\"input\" data-type=\"password\" placeholder=\"Password\" data-validate=\"Required Field\" data-pass-length=\"Password length must be greater than 5.\">\n\t\t\t\t<svg version=\"1.1\" xmlns=\"http:\/\/www.w3.org\/2000\/svg\" xmlns:xlink=\"http:\/\/www.w3.org\/1999\/xlink\" x=\"0px\" y=\"0px\" viewBox=\"0 0 512 512\" style=\"enable-background:new 0 0 512 512;\" xml:space=\"preserve\"><g><path d=\"M437.333,192h-32v-42.667C405.333,66.99,338.344,0,256,0S106.667,66.99,106.667,149.333V192h-32C68.771,192,64,196.771,64,202.667v266.667C64,492.865,83.135,512,106.667,512h298.667C428.865,512,448,492.865,448,469.333V202.667C448,196.771,443.229,192,437.333,192z M287.938,414.823c0.333,3.01-0.635,6.031-2.656,8.292c-2.021,2.26-4.917,3.552-7.948,3.552h-42.667c-3.031,0-5.927-1.292-7.948-3.552c-2.021-2.26-2.99-5.281-2.656-8.292l6.729-60.51c-10.927-7.948-17.458-20.521-17.458-34.313c0-23.531,19.135-42.667,42.667-42.667s42.667,19.135,42.667,42.667c0,13.792-6.531,26.365-17.458,34.313L287.938,414.823z M341.333,192H170.667v-42.667C170.667,102.281,208.948,64,256,64s85.333,38.281,85.333,85.333V192z\"\/><\/g><\/svg>\n\t\t\t<\/div>\n\t\t\t<div class=\"field-group\">\n\t\t\t\t<input id=\"res_pass2\" type=\"password\" class=\"input\" data-type=\"password\" placeholder=\"Confirm Password\" data-validate=\"Required Field\" data-pass-confirm=\"Your password and confirmation password do not match.\">\n\t\t\t\t<svg version=\"1.1\" xmlns=\"http:\/\/www.w3.org\/2000\/svg\" xmlns:xlink=\"http:\/\/www.w3.org\/1999\/xlink\" x=\"0px\" y=\"0px\" viewBox=\"0 0 512 512\" style=\"enable-background:new 0 0 512 512;\" xml:space=\"preserve\"><g><path d=\"M437.333,192h-32v-42.667C405.333,66.99,338.344,0,256,0S106.667,66.99,106.667,149.333V192h-32C68.771,192,64,196.771,64,202.667v266.667C64,492.865,83.135,512,106.667,512h298.667C428.865,512,448,492.865,448,469.333V202.667C448,196.771,443.229,192,437.333,192z M287.938,414.823c0.333,3.01-0.635,6.031-2.656,8.292c-2.021,2.26-4.917,3.552-7.948,3.552h-42.667c-3.031,0-5.927-1.292-7.948-3.552c-2.021-2.26-2.99-5.281-2.656-8.292l6.729-60.51c-10.927-7.948-17.458-20.521-17.458-34.313c0-23.531,19.135-42.667,42.667-42.667s42.667,19.135,42.667,42.667c0,13.792-6.531,26.365-17.458,34.313L287.938,414.823z M341.333,192H170.667v-42.667C170.667,102.281,208.948,64,256,64s85.333,38.281,85.333,85.333V192z\"\/><\/g><\/svg>\n\t\t\t<\/div>\n\t\t\t<div class=\"field-group\">\n\t\t\t\t<button type=\"button\" class=\"button btn-up-register\">Create Account<\/button>\n\t\t\t<\/div>\n\t\t<\/div>\n\t<\/div>\n<\/div>\t\t\t\t\t<\/div>            <\/div>  \r\n                            <div class=\"ct-user-bottom\">\r\n                    Already have an account?                    <a href=\"http:\/\/sime-informatique.com\/login\/\">Login<\/a>\r\n                <\/div>   \r\n                    <\/div>\r\n           \r\n    <\/div>\r\n<\/div>\t\t\t\t<\/div>\n\t\t\t\t<\/div>\n\t\t            <\/div>\n        <\/div>\n                    <\/div>\n        <\/section>\n        \t\t<\/div>\n\t\t","protected":false},"excerpt":{"rendered":"<p>Create your account Rayan Colins Logout Already have an account? Login<\/p>\n","protected":false},"author":1,"featured_media":0,"parent":0,"menu_order":0,"comment_status":"closed","ping_status":"closed","template":"","meta":{"footnotes":""},"class_list":["post-9572","page","type-page","status-publish","hentry"],"yoast_head":"<!-- This site is optimized with the Yoast SEO plugin v27.4 - https:\/\/yoast.com\/product\/yoast-seo-wordpress\/ -->\n<title>Register - SIME Informatique<\/title>\n<meta name=\"robots\" content=\"index, follow, max-snippet:-1, max-image-preview:large, max-video-preview:-1\" \/>\n<link rel=\"canonical\" href=\"https:\/\/sime-informatique.com\/index.php\/register\/\" \/>\n<meta property=\"og:locale\" content=\"en_US\" \/>\n<meta property=\"og:type\" content=\"article\" \/>\n<meta property=\"og:title\" content=\"Register - SIME Informatique\" \/>\n<meta property=\"og:description\" content=\"Create your account Rayan Colins Logout Already have an account? Login\" \/>\n<meta property=\"og:url\" content=\"https:\/\/sime-informatique.com\/index.php\/register\/\" \/>\n<meta property=\"og:site_name\" content=\"SIME Informatique\" \/>\n<meta property=\"og:image\" content=\"http:\/\/sime-informatique.com\/wp-content\/uploads\/2021\/11\/favicon.png\" \/>\n<meta name=\"twitter:card\" content=\"summary_large_image\" \/>\n<script type=\"application\/ld+json\" class=\"yoast-schema-graph\">{\"@context\":\"https:\\\/\\\/schema.org\",\"@graph\":[{\"@type\":\"WebPage\",\"@id\":\"https:\\\/\\\/sime-informatique.com\\\/index.php\\\/register\\\/\",\"url\":\"https:\\\/\\\/sime-informatique.com\\\/index.php\\\/register\\\/\",\"name\":\"Register - SIME Informatique\",\"isPartOf\":{\"@id\":\"https:\\\/\\\/sime-informatique.com\\\/#website\"},\"primaryImageOfPage\":{\"@id\":\"https:\\\/\\\/sime-informatique.com\\\/index.php\\\/register\\\/#primaryimage\"},\"image\":{\"@id\":\"https:\\\/\\\/sime-informatique.com\\\/index.php\\\/register\\\/#primaryimage\"},\"thumbnailUrl\":\"http:\\\/\\\/sime-informatique.com\\\/wp-content\\\/uploads\\\/2021\\\/11\\\/favicon.png\",\"datePublished\":\"2023-03-09T03:12:48+00:00\",\"breadcrumb\":{\"@id\":\"https:\\\/\\\/sime-informatique.com\\\/index.php\\\/register\\\/#breadcrumb\"},\"inLanguage\":\"en-US\",\"potentialAction\":[{\"@type\":\"ReadAction\",\"target\":[\"https:\\\/\\\/sime-informatique.com\\\/index.php\\\/register\\\/\"]}]},{\"@type\":\"ImageObject\",\"inLanguage\":\"en-US\",\"@id\":\"https:\\\/\\\/sime-informatique.com\\\/index.php\\\/register\\\/#primaryimage\",\"url\":\"http:\\\/\\\/sime-informatique.com\\\/wp-content\\\/uploads\\\/2021\\\/11\\\/favicon.png\",\"contentUrl\":\"http:\\\/\\\/sime-informatique.com\\\/wp-content\\\/uploads\\\/2021\\\/11\\\/favicon.png\"},{\"@type\":\"BreadcrumbList\",\"@id\":\"https:\\\/\\\/sime-informatique.com\\\/index.php\\\/register\\\/#breadcrumb\",\"itemListElement\":[{\"@type\":\"ListItem\",\"position\":1,\"name\":\"Accueil\",\"item\":\"https:\\\/\\\/sime-informatique.com\\\/\"},{\"@type\":\"ListItem\",\"position\":2,\"name\":\"Register\"}]},{\"@type\":\"WebSite\",\"@id\":\"https:\\\/\\\/sime-informatique.com\\\/#website\",\"url\":\"https:\\\/\\\/sime-informatique.com\\\/\",\"name\":\"SIME Informatique\",\"description\":\"Soci\u00e9t\u00e9 D&#039;Informatique de Micro-\u00e9lectronique et d&#039;Electricit\u00e9  \",\"potentialAction\":[{\"@type\":\"SearchAction\",\"target\":{\"@type\":\"EntryPoint\",\"urlTemplate\":\"https:\\\/\\\/sime-informatique.com\\\/?s={search_term_string}\"},\"query-input\":{\"@type\":\"PropertyValueSpecification\",\"valueRequired\":true,\"valueName\":\"search_term_string\"}}],\"inLanguage\":\"en-US\"}]}<\/script>\n<!-- \/ Yoast SEO plugin. -->","yoast_head_json":{"title":"Register - SIME Informatique","robots":{"index":"index","follow":"follow","max-snippet":"max-snippet:-1","max-image-preview":"max-image-preview:large","max-video-preview":"max-video-preview:-1"},"canonical":"https:\/\/sime-informatique.com\/index.php\/register\/","og_locale":"en_US","og_type":"article","og_title":"Register - SIME Informatique","og_description":"Create your account Rayan Colins Logout Already have an account? Login","og_url":"https:\/\/sime-informatique.com\/index.php\/register\/","og_site_name":"SIME Informatique","og_image":[{"url":"http:\/\/sime-informatique.com\/wp-content\/uploads\/2021\/11\/favicon.png","type":"","width":"","height":""}],"twitter_card":"summary_large_image","schema":{"@context":"https:\/\/schema.org","@graph":[{"@type":"WebPage","@id":"https:\/\/sime-informatique.com\/index.php\/register\/","url":"https:\/\/sime-informatique.com\/index.php\/register\/","name":"Register - SIME Informatique","isPartOf":{"@id":"https:\/\/sime-informatique.com\/#website"},"primaryImageOfPage":{"@id":"https:\/\/sime-informatique.com\/index.php\/register\/#primaryimage"},"image":{"@id":"https:\/\/sime-informatique.com\/index.php\/register\/#primaryimage"},"thumbnailUrl":"http:\/\/sime-informatique.com\/wp-content\/uploads\/2021\/11\/favicon.png","datePublished":"2023-03-09T03:12:48+00:00","breadcrumb":{"@id":"https:\/\/sime-informatique.com\/index.php\/register\/#breadcrumb"},"inLanguage":"en-US","potentialAction":[{"@type":"ReadAction","target":["https:\/\/sime-informatique.com\/index.php\/register\/"]}]},{"@type":"ImageObject","inLanguage":"en-US","@id":"https:\/\/sime-informatique.com\/index.php\/register\/#primaryimage","url":"http:\/\/sime-informatique.com\/wp-content\/uploads\/2021\/11\/favicon.png","contentUrl":"http:\/\/sime-informatique.com\/wp-content\/uploads\/2021\/11\/favicon.png"},{"@type":"BreadcrumbList","@id":"https:\/\/sime-informatique.com\/index.php\/register\/#breadcrumb","itemListElement":[{"@type":"ListItem","position":1,"name":"Accueil","item":"https:\/\/sime-informatique.com\/"},{"@type":"ListItem","position":2,"name":"Register"}]},{"@type":"WebSite","@id":"https:\/\/sime-informatique.com\/#website","url":"https:\/\/sime-informatique.com\/","name":"SIME Informatique","description":"Soci\u00e9t\u00e9 D&#039;Informatique de Micro-\u00e9lectronique et d&#039;Electricit\u00e9  ","potentialAction":[{"@type":"SearchAction","target":{"@type":"EntryPoint","urlTemplate":"https:\/\/sime-informatique.com\/?s={search_term_string}"},"query-input":{"@type":"PropertyValueSpecification","valueRequired":true,"valueName":"search_term_string"}}],"inLanguage":"en-US"}]}},"_links":{"self":[{"href":"https:\/\/sime-informatique.com\/index.php\/wp-json\/wp\/v2\/pages\/9572","targetHints":{"allow":["GET"]}}],"collection":[{"href":"https:\/\/sime-informatique.com\/index.php\/wp-json\/wp\/v2\/pages"}],"about":[{"href":"https:\/\/sime-informatique.com\/index.php\/wp-json\/wp\/v2\/types\/page"}],"author":[{"embeddable":true,"href":"https:\/\/sime-informatique.com\/index.php\/wp-json\/wp\/v2\/users\/1"}],"replies":[{"embeddable":true,"href":"https:\/\/sime-informatique.com\/index.php\/wp-json\/wp\/v2\/comments?post=9572"}],"version-history":[{"count":0,"href":"https:\/\/sime-informatique.com\/index.php\/wp-json\/wp\/v2\/pages\/9572\/revisions"}],"wp:attachment":[{"href":"https:\/\/sime-informatique.com\/index.php\/wp-json\/wp\/v2\/media?parent=9572"}],"curies":[{"name":"wp","href":"https:\/\/api.w.org\/{rel}","templated":true}]}}